{"id":89,"date":"2020-01-31T15:13:01","date_gmt":"2020-01-31T14:13:01","guid":{"rendered":"http:\/\/kkwfala.pl\/?page_id=89"},"modified":"2025-01-23T06:59:43","modified_gmt":"2025-01-23T05:59:43","slug":"o-klubie","status":"publish","type":"page","link":"https:\/\/kkwfala.pl\/index.php\/o-klubie\/","title":{"rendered":"O klubie"},"content":{"rendered":"\n<p><\/p>\n\n\n\n<p>Kaliski Klub Wodny powsta\u0142 w dniu&nbsp;<strong>17.07.2012 roku<\/strong>. &nbsp;<\/p>\n\n\n\n<p>Genez\u0105 powstania stowarzyszenia by\u0142a mi\u0119dzy innymi ch\u0119\u0107 dzia\u0142ania koleg\u00f3w na &nbsp;rzecz propagowania turystyki i sport\u00f3w wodnych, w tym organizacji imprez takich jak Sp\u0142ywy Twardzieli rzek\u0105 Prosn\u0105. &nbsp;<br><br>Inicjatorami powstania Klubu byli koledzy Bogdan Ma\u0144kowski oraz Dariusz Walisiak, kt\u00f3rzy dokonali za\u0142o\u017cenia klubu w dniu 17.07.2012 wraz z kolegami : Krzysztof Nowakowski, Zdzis\u0142aw D\u0105browski, Jerzy Nowak, Andrzej Strzelec, Bogdan Olejnik, Piotr Sukienniczak, Zenon Jankowski, Bart\u0142omiej Czarci\u0144ski, Piotr Lewndowski, Wojciech \u017burawski.<\/p>\n\n\n\n<p>W dniu 25.09.2012 r. Komandorem pierwszej kadencji za\u0142o\u017cycielskiej zosta\u0142 kol. Bogdan Olejnik, jego zast\u0119pcami Vice-Komandor kol. Dariusz Walisiak i Vice-Komandor Piotr Sukienniczak , a sekretarzem kol. Krzysztof Nowakowski.<\/p>\n\n\n\n<p>W dniu 10.09.2012 KKW wst\u0105pi\u0142 do Kaliskiego Okr\u0119gowego Zwi\u0105zku \u017beglarskiego jako 11 klub zrzeszony w KOZ\u017b i z racji ilo\u015bci cz\u0142onk\u00f3w jest jednym z najliczniejszych klub\u00f3w w Okr\u0119gu. &nbsp;<br><br>Kaliski Klub Wodny liczy 77 cz\u0142onk\u00f3w, z czego 5-ciu koleg\u00f3w wchodzi r\u00f3wnie\u017c w sk\u0142ad o\u015bmioosobowego zarz\u0105du Kaliskiego Okr\u0119gowego Zwi\u0105zku \u017beglarskiego.<\/p>\n\n\n\n<p>W dniu 05.04.2013r. odby\u0142o si\u0119 Pierwsze Walne Zgromadzenie na kt\u00f3rym wybrany zosta\u0142 Zarz\u0105d Klubu w sk\u0142adzie :<\/p>\n\n\n\n<p><strong>Bogdan Olejnik<\/strong> &#8211; Komandor<\/p>\n\n\n\n<p><strong>Rajmund Mielcarek <\/strong>&#8211; w-ce Komandor<\/p>\n\n\n\n<p><strong>Pawe\u0142 Linkowski <\/strong>&#8211; Sekretarz<\/p>\n\n\n\n<p><strong>Zbigniew Musidlak <\/strong>&#8211; Cz\u0142onek Zarz\u0105du ds. Motorowodnych<\/p>\n\n\n\n<p><strong>Tomasz Ka\u017amierczak<\/strong> &#8211; Cz\u0142onek Zarz\u0105du ds. \u017beglarstwa<\/p>\n\n\n\n<p><strong>Krzysztof Nowakowski <\/strong>&#8211; Cz\u0142onek Zarz\u0105du ds. P\u0142etwonurk\u00f3w<\/p>\n\n\n\n<p><strong>Zdzis\u0142aw D\u0105browski<\/strong> &#8211; Skarbnik<\/p>\n\n\n\n<p>Oraz Komisja rewizyjna w sk\u0142adzie:<\/p>\n\n\n\n<p><strong>Dariusz Walisiak<\/strong><\/p>\n\n\n\n<p><strong>Andrzej Strzelec<\/strong><\/p>\n\n\n\n<p><\/p>\n\n\n\n<p><\/p>\n\n\n\n<p><\/p>\n\n\n\n<p><\/p>\n\n\n\n<p><\/p>\n\n\n\n<p><\/p>\n\n\n\n<p class=\"has-medium-font-size\"><strong>Legitymacja cz\u0142onkowska \/ sprawozdania \/ protoko\u0142y<\/strong><\/p>\n\n\n\n<figure class=\"wp-block-image size-large is-resized\"><img loading=\"lazy\" decoding=\"async\" width=\"586\" height=\"180\" src=\"http:\/\/kkwfala.pl\/wp-content\/uploads\/2020\/01\/LEGITYMACJA-WE89db40effa-WE870186c4a6.png\" alt=\"\" class=\"wp-image-104\" style=\"width:714px;height:219px\" srcset=\"https:\/\/kkwfala.pl\/wp-content\/uploads\/2020\/01\/LEGITYMACJA-WE89db40effa-WE870186c4a6.png 586w, https:\/\/kkwfala.pl\/wp-content\/uploads\/2020\/01\/LEGITYMACJA-WE89db40effa-WE870186c4a6-300x92.png 300w\" sizes=\"auto, (max-width: 586px) 100vw, 586px\" \/><\/figure>\n\n\n\n<p><\/p>\n\n\n\n<div class=\"wp-block-file\"><a id=\"wp-block-file--media-f7aca19f-ee72-4756-ad4e-7c2d0d9f1ad6\" href=\"http:\/\/kkwfala.pl\/wp-content\/uploads\/2020\/01\/1.pdf\"><strong>SPRAWOZDANIE Z DZIA\u0141ALNO\u015aCI ZARZ\u0104DU KALISKIEGO KLUBU WODNEGO ZA \u201eI\u201d KADENCJ\u0118 2012-2013<\/strong><\/a><a href=\"http:\/\/kkwfala.pl\/wp-content\/uploads\/2020\/01\/1.pdf\" class=\"wp-block-file__button wp-element-button\" download aria-describedby=\"wp-block-file--media-f7aca19f-ee72-4756-ad4e-7c2d0d9f1ad6\">Pobierz<\/a><\/div>\n\n\n\n<div class=\"wp-block-file\"><a id=\"wp-block-file--media-e6161229-e6ed-483c-9e37-8f94d8f29253\" href=\"http:\/\/kkwfala.pl\/wp-content\/uploads\/2020\/01\/2.pdf\"><strong>I Walne Zgromadzenie sprawozdawczo-wyborcze Kaliskiego Klubu Wodnego Fala<\/strong><\/a><a href=\"http:\/\/kkwfala.pl\/wp-content\/uploads\/2020\/01\/2.pdf\" class=\"wp-block-file__button wp-element-button\" download aria-describedby=\"wp-block-file--media-e6161229-e6ed-483c-9e37-8f94d8f29253\">Pobierz<\/a><\/div>\n\n\n\n<div class=\"wp-block-file\"><a id=\"wp-block-file--media-227ff9ea-819d-451f-bd8a-776d788215cc\" href=\"http:\/\/kkwfala.pl\/wp-content\/uploads\/2020\/01\/3.pdf\"><strong>Protok\u00f3\u0142 z I Posiedzenie zarz\u0105du Kaliskiego Klubu Wodnego Fala<\/strong><\/a><a href=\"http:\/\/kkwfala.pl\/wp-content\/uploads\/2020\/01\/3.pdf\" class=\"wp-block-file__button wp-element-button\" download aria-describedby=\"wp-block-file--media-227ff9ea-819d-451f-bd8a-776d788215cc\">Pobierz<\/a><\/div>\n","protected":false},"excerpt":{"rendered":"<p>Kaliski Klub Wodny powsta\u0142 w dniu&nbsp;17.07.2012 roku. &nbsp; Genez\u0105 powstania stowarzyszenia by\u0142a mi\u0119dzy innymi ch\u0119\u0107 dzia\u0142ania koleg\u00f3w na &nbsp;rzecz propagowania turystyki i sport\u00f3w wodnych, w tym organizacji imprez takich jak Sp\u0142ywy Twardzieli rzek\u0105 Prosn\u0105. &nbsp; Inicjatorami powstania Klubu byli koledzy Bogdan Ma\u0144kowski oraz Dariusz Walisiak, kt\u00f3rzy dokonali za\u0142o\u017cenia klubu w dniu 17.07.2012 wraz z kolegami&#8230;<\/p>\n","protected":false},"author":1,"featured_media":0,"parent":0,"menu_order":0,"comment_status":"closed","ping_status":"closed","template":"","meta":{"footnotes":""},"class_list":["post-89","page","type-page","status-publish","hentry"],"_links":{"self":[{"href":"https:\/\/kkwfala.pl\/index.php\/wp-json\/wp\/v2\/pages\/89","targetHints":{"allow":["GET"]}}],"collection":[{"href":"https:\/\/kkwfala.pl\/index.php\/wp-json\/wp\/v2\/pages"}],"about":[{"href":"https:\/\/kkwfala.pl\/index.php\/wp-json\/wp\/v2\/types\/page"}],"author":[{"embeddable":true,"href":"https:\/\/kkwfala.pl\/index.php\/wp-json\/wp\/v2\/users\/1"}],"replies":[{"embeddable":true,"href":"https:\/\/kkwfala.pl\/index.php\/wp-json\/wp\/v2\/comments?post=89"}],"version-history":[{"count":11,"href":"https:\/\/kkwfala.pl\/index.php\/wp-json\/wp\/v2\/pages\/89\/revisions"}],"predecessor-version":[{"id":2662,"href":"https:\/\/kkwfala.pl\/index.php\/wp-json\/wp\/v2\/pages\/89\/revisions\/2662"}],"wp:attachment":[{"href":"https:\/\/kkwfala.pl\/index.php\/wp-json\/wp\/v2\/media?parent=89"}],"curies":[{"name":"wp","href":"https:\/\/api.w.org\/{rel}","templated":true}]}}