{"id":19,"date":"2020-01-31T14:04:05","date_gmt":"2020-01-31T13:04:05","guid":{"rendered":"http:\/\/kkwfala.pl\/?page_id=19"},"modified":"2026-04-28T18:49:11","modified_gmt":"2026-04-28T16:49:11","slug":"kontakt","status":"publish","type":"page","link":"https:\/\/kkwfala.pl\/index.php\/kontakt\/","title":{"rendered":"Kontakt"},"content":{"rendered":"\n<figure class=\"wp-block-image size-large\"><img loading=\"lazy\" decoding=\"async\" width=\"870\" height=\"376\" src=\"http:\/\/kkwfala.pl\/wp-content\/uploads\/2020\/01\/1.png\" alt=\"\" class=\"wp-image-442\" srcset=\"https:\/\/kkwfala.pl\/wp-content\/uploads\/2020\/01\/1.png 870w, https:\/\/kkwfala.pl\/wp-content\/uploads\/2020\/01\/1-300x130.png 300w, https:\/\/kkwfala.pl\/wp-content\/uploads\/2020\/01\/1-768x332.png 768w, https:\/\/kkwfala.pl\/wp-content\/uploads\/2020\/01\/1-850x367.png 850w\" sizes=\"auto, (max-width: 870px) 100vw, 870px\" \/><\/figure>\n\n\n\n<p> Chcesz wiedzie\u0107 wi\u0119cej? Skontaktuj si\u0119 z nami<\/p>\n\n\n\n<p><\/p>\n\n\n\n<p><strong><span style=\"text-decoration: underline;\">ADRES:<\/span><\/strong><br><strong>ul. Wa\u0142 Piastowski 3<\/strong><br><strong>62-800 Kalisz<\/strong><\/p>\n\n\n\n<p><\/p>\n\n\n\n<p><strong><span style=\"text-decoration: underline;\">NUMER KONTA BANKOWEGO:\u00a0<\/span><\/strong><br><strong><strong>BNP PARIBAS 60 1600 1462 1729 1860 2000 0001<\/strong><\/strong><\/p>\n\n\n\n<p><\/p>\n\n\n\n<p><strong><span style=\"text-decoration: underline;\">REGON:&nbsp;<\/span><\/strong><br><strong>525873760<\/strong><\/p>\n\n\n\n<p><\/p>\n\n\n\n<p><span style=\"text-decoration: underline;\"><strong>NIP:<\/strong><\/span><br><strong>6182198926<\/strong><\/p>\n\n\n\n<p><\/p>\n\n\n\n<p><strong><span style=\"text-decoration: underline;\">TELEFON KONTAKTOWY:&nbsp;<\/span><\/strong><br><strong>601 561 390<\/strong> <\/p>\n\n\n\n<p><\/p>\n\n\n\n<p><strong><span style=\"text-decoration: underline;\"><em>E-MAIL:<\/em><\/span><\/strong><br><strong>kkwfala@gmail.com &nbsp;<\/strong><br><strong>dagor3@o2.pl<\/strong> <\/p>\n\n\n\n<div class=\"mapouter\"><div class=\"gmap_canvas\"><iframe loading=\"lazy\" width=\"600\" height=\"500\" id=\"gmap_canvas\" src=\"https:\/\/maps.google.com\/maps?q=handlowa%204%20kalisz&amp;t=&amp;z=13&amp;ie=UTF8&amp;iwloc=&amp;output=embed\" frameborder=\"0\" scrolling=\"no\" marginheight=\"0\" marginwidth=\"0\"><\/iframe><a href=\"https:\/\/www.embedgooglemap.net\">embedgooglemap.net<\/a><\/div><style>.mapouter{position:relative;text-align:right;height:500px;width:600px;}.gmap_canvas {overflow:hidden;background:none!important;height:500px;width:650px;}<\/style><\/div>\n","protected":false},"excerpt":{"rendered":"<p>Chcesz wiedzie\u0107 wi\u0119cej? Skontaktuj si\u0119 z nami ADRES:ul. Wa\u0142 Piastowski 362-800 Kalisz NUMER KONTA BANKOWEGO:\u00a0BNP PARIBAS 60 1600 1462 1729 1860 2000 0001 REGON:&nbsp;525873760 NIP:6182198926 TELEFON KONTAKTOWY:&nbsp;601 561 390 E-MAIL:kkwfala@gmail.com &nbsp;dagor3@o2.pl embedgooglemap.net<\/p>\n","protected":false},"author":1,"featured_media":0,"parent":0,"menu_order":0,"comment_status":"closed","ping_status":"closed","template":"","meta":{"footnotes":""},"class_list":["post-19","page","type-page","status-publish","hentry"],"_links":{"self":[{"href":"https:\/\/kkwfala.pl\/index.php\/wp-json\/wp\/v2\/pages\/19","targetHints":{"allow":["GET"]}}],"collection":[{"href":"https:\/\/kkwfala.pl\/index.php\/wp-json\/wp\/v2\/pages"}],"about":[{"href":"https:\/\/kkwfala.pl\/index.php\/wp-json\/wp\/v2\/types\/page"}],"author":[{"embeddable":true,"href":"https:\/\/kkwfala.pl\/index.php\/wp-json\/wp\/v2\/users\/1"}],"replies":[{"embeddable":true,"href":"https:\/\/kkwfala.pl\/index.php\/wp-json\/wp\/v2\/comments?post=19"}],"version-history":[{"count":14,"href":"https:\/\/kkwfala.pl\/index.php\/wp-json\/wp\/v2\/pages\/19\/revisions"}],"predecessor-version":[{"id":2848,"href":"https:\/\/kkwfala.pl\/index.php\/wp-json\/wp\/v2\/pages\/19\/revisions\/2848"}],"wp:attachment":[{"href":"https:\/\/kkwfala.pl\/index.php\/wp-json\/wp\/v2\/media?parent=19"}],"curies":[{"name":"wp","href":"https:\/\/api.w.org\/{rel}","templated":true}]}}