{"id":114,"date":"2020-01-31T15:27:09","date_gmt":"2020-01-31T14:27:09","guid":{"rendered":"http:\/\/kkwfala.pl\/?page_id=114"},"modified":"2023-03-27T13:16:59","modified_gmt":"2023-03-27T11:16:59","slug":"video","status":"publish","type":"page","link":"https:\/\/kkwfala.pl\/index.php\/video\/","title":{"rendered":"Video"},"content":{"rendered":"\n<p>Poczynania&nbsp;<strong>Kaliskiego Klubu Wodnego &#8222;FALA&#8221;&nbsp;<\/strong>udokumentowane przez r\u00f3\u017cnego rodzaju portale informacyjne: <\/p>\n\n\n\n<figure class=\"wp-block-embed is-type-video is-provider-youtube wp-block-embed-youtube wp-embed-aspect-16-9 wp-has-aspect-ratio\"><div class=\"wp-block-embed__wrapper\">\n<iframe loading=\"lazy\" title=\"VIII SP\u0141YW TWARDZIELI rzek\u0105 Prosn\u0105  im. Jana Pasia - 15.03.2014\" width=\"640\" height=\"360\" src=\"https:\/\/www.youtube.com\/embed\/Pm92UAc7X8c?feature=oembed\" frameborder=\"0\" allow=\"accelerometer; autoplay; clipboard-write; encrypted-media; gyroscope; picture-in-picture; web-share\" referrerpolicy=\"strict-origin-when-cross-origin\" allowfullscreen><\/iframe>\n<\/div><\/figure>\n\n\n\n<figure class=\"wp-block-embed is-type-video is-provider-youtube wp-block-embed-youtube wp-embed-aspect-16-9 wp-has-aspect-ratio\"><div class=\"wp-block-embed__wrapper\">\n<iframe loading=\"lazy\" title=\"Choinka - Kalisz 2013 :)\" width=\"640\" height=\"360\" src=\"https:\/\/www.youtube.com\/embed\/d40ToFhC2so?feature=oembed\" frameborder=\"0\" allow=\"accelerometer; autoplay; clipboard-write; encrypted-media; gyroscope; picture-in-picture; web-share\" referrerpolicy=\"strict-origin-when-cross-origin\" allowfullscreen><\/iframe>\n<\/div><\/figure>\n\n\n\n<figure class=\"wp-block-embed is-type-video is-provider-youtube wp-block-embed-youtube wp-embed-aspect-16-9 wp-has-aspect-ratio\"><div class=\"wp-block-embed__wrapper\">\n<iframe loading=\"lazy\" title=\"XII Sp\u0142yw Twardzieli rzek\u0105 Prosn\u0105 - Kalisz 17 marca 2018\" width=\"640\" height=\"360\" src=\"https:\/\/www.youtube.com\/embed\/EKH3NytF3sU?feature=oembed\" frameborder=\"0\" allow=\"accelerometer; autoplay; clipboard-write; encrypted-media; gyroscope; picture-in-picture; web-share\" referrerpolicy=\"strict-origin-when-cross-origin\" allowfullscreen><\/iframe>\n<\/div><\/figure>\n\n\n\n<figure class=\"wp-block-embed is-type-video is-provider-youtube wp-block-embed-youtube wp-embed-aspect-16-9 wp-has-aspect-ratio\"><div class=\"wp-block-embed__wrapper\">\n<iframe loading=\"lazy\" title=\"XIII SP\u0141YW TWARDZIELI rzek\u0105 Prosn\u0105 - Kalisz 2019\" width=\"640\" height=\"360\" src=\"https:\/\/www.youtube.com\/embed\/op68rIYWFps?start=2&#038;feature=oembed\" frameborder=\"0\" allow=\"accelerometer; autoplay; clipboard-write; encrypted-media; gyroscope; picture-in-picture; web-share\" referrerpolicy=\"strict-origin-when-cross-origin\" allowfullscreen><\/iframe>\n<\/div><\/figure>\n\n\n\n<figure class=\"wp-block-embed is-type-video is-provider-youtube wp-block-embed-youtube wp-embed-aspect-16-9 wp-has-aspect-ratio\"><div class=\"wp-block-embed__wrapper\">\n<iframe loading=\"lazy\" title=\"XIII Sp\u0142yw Twardzieli im. Jana Pasia rzek\u0105 Prosn\u0105 - Kalisz 9 marca 2019\" width=\"640\" height=\"360\" src=\"https:\/\/www.youtube.com\/embed\/gp7WeCybaUg?feature=oembed\" frameborder=\"0\" allow=\"accelerometer; autoplay; clipboard-write; encrypted-media; gyroscope; picture-in-picture; web-share\" referrerpolicy=\"strict-origin-when-cross-origin\" allowfullscreen><\/iframe>\n<\/div><\/figure>\n\n\n\n<figure class=\"wp-block-video\"><video height=\"1080\" style=\"aspect-ratio: 1920 \/ 1080;\" width=\"1920\" controls src=\"http:\/\/kkwfala.pl\/wp-content\/uploads\/2023\/03\/KOZZ-2023-Splyw.mp4\"><\/video><\/figure>\n","protected":false},"excerpt":{"rendered":"<p>Poczynania&nbsp;Kaliskiego Klubu Wodnego &#8222;FALA&#8221;&nbsp;udokumentowane przez r\u00f3\u017cnego rodzaju portale informacyjne:<\/p>\n","protected":false},"author":1,"featured_media":0,"parent":0,"menu_order":0,"comment_status":"closed","ping_status":"closed","template":"","meta":{"footnotes":""},"class_list":["post-114","page","type-page","status-publish","hentry"],"_links":{"self":[{"href":"https:\/\/kkwfala.pl\/index.php\/wp-json\/wp\/v2\/pages\/114","targetHints":{"allow":["GET"]}}],"collection":[{"href":"https:\/\/kkwfala.pl\/index.php\/wp-json\/wp\/v2\/pages"}],"about":[{"href":"https:\/\/kkwfala.pl\/index.php\/wp-json\/wp\/v2\/types\/page"}],"author":[{"embeddable":true,"href":"https:\/\/kkwfala.pl\/index.php\/wp-json\/wp\/v2\/users\/1"}],"replies":[{"embeddable":true,"href":"https:\/\/kkwfala.pl\/index.php\/wp-json\/wp\/v2\/comments?post=114"}],"version-history":[{"count":5,"href":"https:\/\/kkwfala.pl\/index.php\/wp-json\/wp\/v2\/pages\/114\/revisions"}],"predecessor-version":[{"id":2418,"href":"https:\/\/kkwfala.pl\/index.php\/wp-json\/wp\/v2\/pages\/114\/revisions\/2418"}],"wp:attachment":[{"href":"https:\/\/kkwfala.pl\/index.php\/wp-json\/wp\/v2\/media?parent=114"}],"curies":[{"name":"wp","href":"https:\/\/api.w.org\/{rel}","templated":true}]}}